{"id":2236,"date":"2024-06-25T13:59:24","date_gmt":"2024-06-25T11:59:24","guid":{"rendered":"https:\/\/defi11.fr\/?page_id=2236"},"modified":"2025-09-09T16:38:00","modified_gmt":"2025-09-09T14:38:00","slug":"notre-centre-bilan-competences","status":"publish","type":"page","link":"https:\/\/defi11.fr\/?page_id=2236","title":{"rendered":"CENTRE RESSOURCES HANDICAP"},"content":{"rendered":"\t\t<div data-elementor-type=\"wp-page\" data-elementor-id=\"2236\" class=\"elementor elementor-2236\">\n\t\t\t\t\t\t<section class=\"elementor-section elementor-top-section elementor-element elementor-element-3e99ff5 elementor-section-boxed elementor-section-height-default elementor-section-height-default\" data-id=\"3e99ff5\" data-element_type=\"section\" data-e-type=\"section\">\n\t\t\t\t\t\t<div class=\"elementor-container elementor-column-gap-default\">\n\t\t\t\t\t<div class=\"elementor-column elementor-col-100 elementor-top-column elementor-element elementor-element-9d8a6b1\" data-id=\"9d8a6b1\" data-element_type=\"column\" data-e-type=\"column\">\n\t\t\t<div class=\"elementor-widget-wrap elementor-element-populated\">\n\t\t\t\t\t\t<div class=\"elementor-element elementor-element-5c40cbd elementor-widget elementor-widget-heading\" data-id=\"5c40cbd\" data-element_type=\"widget\" data-e-type=\"widget\" data-widget_type=\"heading.default\">\n\t\t\t\t<div class=\"elementor-widget-container\">\n\t\t\t\t\t<h2 class=\"elementor-heading-title elementor-size-default\"><h2 style=\"font-family: Inter;);););text-transform: none;font-style: normal;)\">Le Centre Ressources Handicap 11<\/h2><\/h2>\t\t\t\t<\/div>\n\t\t\t\t<\/div>\n\t\t\t\t<div class=\"elementor-element elementor-element-18a6529 elementor-widget elementor-widget-heading\" data-id=\"18a6529\" data-element_type=\"widget\" data-e-type=\"widget\" data-widget_type=\"heading.default\">\n\t\t\t\t<div class=\"elementor-widget-container\">\n\t\t\t\t\t<h2 class=\"elementor-heading-title elementor-size-default\"><span style=\"font-size: 16px;font-weight: 400;letter-spacing: normal\">Un lieu qui a pour but de cr\u00e9er une synergie entre tous les acteurs du territoire en lien avec les th\u00e9matiques du handicap et de l\u2019emploi.<\/span><\/h2>\t\t\t\t<\/div>\n\t\t\t\t<\/div>\n\t\t\t\t\t<\/div>\n\t\t<\/div>\n\t\t\t\t\t<\/div>\n\t\t<\/section>\n\t\t\t\t<section class=\"elementor-section elementor-top-section elementor-element elementor-element-f88e285 elementor-section-boxed elementor-section-height-default elementor-section-height-default\" data-id=\"f88e285\" data-element_type=\"section\" data-e-type=\"section\">\n\t\t\t\t\t\t<div class=\"elementor-container elementor-column-gap-default\">\n\t\t\t\t\t<div class=\"elementor-column elementor-col-50 elementor-top-column elementor-element elementor-element-e879b3e\" data-id=\"e879b3e\" data-element_type=\"column\" data-e-type=\"column\">\n\t\t\t<div class=\"elementor-widget-wrap elementor-element-populated\">\n\t\t\t\t\t\t<div class=\"elementor-element elementor-element-940bfce elementor-widget elementor-widget-image\" data-id=\"940bfce\" data-element_type=\"widget\" data-e-type=\"widget\" data-widget_type=\"image.default\">\n\t\t\t\t<div class=\"elementor-widget-container\">\n\t\t\t\t\t\t\t\t\t\t\t\t\t\t\t<img fetchpriority=\"high\" decoding=\"async\" width=\"768\" height=\"768\" src=\"https:\/\/defi11.fr\/wp-content\/uploads\/2025\/01\/2-768x768.png\" class=\"attachment-medium_large size-medium_large wp-image-2351\" alt=\"\" srcset=\"https:\/\/defi11.fr\/wp-content\/uploads\/2025\/01\/2-768x768.png 768w, https:\/\/defi11.fr\/wp-content\/uploads\/2025\/01\/2-300x300.png 300w, https:\/\/defi11.fr\/wp-content\/uploads\/2025\/01\/2-150x150.png 150w, https:\/\/defi11.fr\/wp-content\/uploads\/2025\/01\/2-650x650.png 650w, https:\/\/defi11.fr\/wp-content\/uploads\/2025\/01\/2.png 1000w\" sizes=\"(max-width: 768px) 100vw, 768px\" \/>\t\t\t\t\t\t\t\t\t\t\t\t\t\t\t<\/div>\n\t\t\t\t<\/div>\n\t\t\t\t\t<\/div>\n\t\t<\/div>\n\t\t\t\t<div class=\"elementor-column elementor-col-50 elementor-top-column elementor-element elementor-element-d2fe093\" data-id=\"d2fe093\" data-element_type=\"column\" data-e-type=\"column\">\n\t\t\t<div class=\"elementor-widget-wrap elementor-element-populated\">\n\t\t\t\t\t\t<div class=\"elementor-element elementor-element-c7ba23b ui-e-a-animate elementor-widget elementor-widget-highlighted-text\" data-id=\"c7ba23b\" data-element_type=\"widget\" data-e-type=\"widget\" data-widget_type=\"highlighted-text.default\">\n\t\t\t\t<div class=\"elementor-widget-container\">\n\t\t\t\t\t\t\t<h2 class=\"ui-e--highlighted-text\" >\n        <span class=\"whitespace\"> <\/span><span class=\"ui-e-headline-text ui-e-headline-stroke1\">\n\t\t\t\t\t\t\t<span class=\"ui-e-headline-text ui-e-headline-highlighted\">Les ateliers<\/span><span class=\"uicore-svg-wrapper\"><svg xmlns=\"http:\/\/www.w3.org\/2000\/svg\" viewBox=\"0 0 500 150\" preserveAspectRatio=\"none\"><path d='M15.2,133.3L15.2,133.3c121.9-7.6,244-9.9,366.1-6.8c34.6,0.9,69.1,2.3,103.7,4'\/><\/svg><\/span><\/span><span class=\"whitespace\"> <\/span>        <\/h2>\n        \t\t\t\t<\/div>\n\t\t\t\t<\/div>\n\t\t\t\t<div class=\"elementor-element elementor-element-76afeea elementor-widget__width-initial elementor-widget elementor-widget-text-editor\" data-id=\"76afeea\" data-element_type=\"widget\" data-e-type=\"widget\" data-widget_type=\"text-editor.default\">\n\t\t\t\t<div class=\"elementor-widget-container\">\n\t\t\t\t\t\t\t\t\t<p style=\"font-size: 16px; color: #000000;\"><span style=\"font-family: var(--uicore-typography--p-f,'Inter'); font-style: var(--uicore-typography--p-st,'normal'); font-weight: var(--uicore-typography--p-w,'600'); letter-spacing: var(--uicore-typography--p-ls,'-0.027em'); text-transform: var(--uicore-typography--p-t,'none');\">Nous proposons <strong>plusieurs ateliers chaque mois<\/strong> sur diff\u00e9rents sujets :<\/span><\/p><ul><li>Entretien d&#8217;embauche<\/li><li>Cr\u00e9ation d&rsquo;entreprise<\/li><li>Se former<\/li><li>Aides \u00e0 l&#8217;embauche<\/li><li>Sant\u00e9<\/li><li>Handicap<\/li><li>CV<\/li><li>Recherche d&#8217;emploi<\/li><\/ul><p style=\"font-size: 16px; color: #000000;\">\u00a0<\/p>\t\t\t\t\t\t\t\t<\/div>\n\t\t\t\t<\/div>\n\t\t\t\t\t<\/div>\n\t\t<\/div>\n\t\t\t\t\t<\/div>\n\t\t<\/section>\n\t\t\t\t<section class=\"elementor-section elementor-top-section elementor-element elementor-element-e51df65 elementor-section-boxed elementor-section-height-default elementor-section-height-default\" data-id=\"e51df65\" data-element_type=\"section\" data-e-type=\"section\">\n\t\t\t\t\t\t<div class=\"elementor-container elementor-column-gap-default\">\n\t\t\t\t\t<div class=\"elementor-column elementor-col-50 elementor-top-column elementor-element elementor-element-10b2de8\" data-id=\"10b2de8\" data-element_type=\"column\" data-e-type=\"column\">\n\t\t\t<div class=\"elementor-widget-wrap elementor-element-populated\">\n\t\t\t\t\t\t<div class=\"elementor-element elementor-element-9ade0ee ui-e-a-animate elementor-widget elementor-widget-highlighted-text\" data-id=\"9ade0ee\" data-element_type=\"widget\" data-e-type=\"widget\" data-widget_type=\"highlighted-text.default\">\n\t\t\t\t<div class=\"elementor-widget-container\">\n\t\t\t\t\t\t\t<h2 class=\"ui-e--highlighted-text\" >\n        <span class=\"whitespace\"> <\/span><span class=\"ui-e-headline-text ui-e-headline-stroke1\">\n\t\t\t\t\t\t\t<span class=\"ui-e-headline-text ui-e-headline-highlighted\">Le showroom<\/span><span class=\"uicore-svg-wrapper\"><svg xmlns=\"http:\/\/www.w3.org\/2000\/svg\" viewBox=\"0 0 500 150\" preserveAspectRatio=\"none\"><path d='M15.2,133.3L15.2,133.3c121.9-7.6,244-9.9,366.1-6.8c34.6,0.9,69.1,2.3,103.7,4'\/><\/svg><\/span><\/span><span class=\"whitespace\"> <\/span>        <\/h2>\n        \t\t\t\t<\/div>\n\t\t\t\t<\/div>\n\t\t\t\t<div class=\"elementor-element elementor-element-ed1dfd9 elementor-widget__width-initial elementor-widget elementor-widget-text-editor\" data-id=\"ed1dfd9\" data-element_type=\"widget\" data-e-type=\"widget\" data-widget_type=\"text-editor.default\">\n\t\t\t\t<div class=\"elementor-widget-container\">\n\t\t\t\t\t\t\t\t\t<p style=\"font-size: 16px; color: #000000;\"><span style=\"font-family: var(--uicore-typography--p-f,'Inter'); font-style: var(--uicore-typography--p-st,'normal'); font-weight: var(--uicore-typography--p-w,'600'); letter-spacing: var(--uicore-typography--p-ls,'-0.027em'); text-transform: var(--uicore-typography--p-t,'none');\">Nous exposons dans nos locaux plusieurs <strong>types de mat\u00e9riel ergonomique<\/strong> :<\/span><\/p><ul><li>Chaises<\/li><li>Claviers<\/li><li>Souris<\/li><li>Supports pour ordinateur<\/li><li>Repose-pieds<\/li><\/ul><p>Ce mat\u00e9riel provient de notre partenaire <strong>ErgoSant\u00e9<\/strong>.<\/p>\t\t\t\t\t\t\t\t<\/div>\n\t\t\t\t<\/div>\n\t\t\t\t\t<\/div>\n\t\t<\/div>\n\t\t\t\t<div class=\"elementor-column elementor-col-50 elementor-top-column elementor-element elementor-element-5cdba44\" data-id=\"5cdba44\" data-element_type=\"column\" data-e-type=\"column\">\n\t\t\t<div class=\"elementor-widget-wrap elementor-element-populated\">\n\t\t\t\t\t\t<div class=\"elementor-element elementor-element-68f63e2 elementor-widget elementor-widget-image\" data-id=\"68f63e2\" data-element_type=\"widget\" data-e-type=\"widget\" data-widget_type=\"image.default\">\n\t\t\t\t<div class=\"elementor-widget-container\">\n\t\t\t\t\t\t\t\t\t\t\t\t\t\t\t<img decoding=\"async\" width=\"1000\" height=\"1000\" src=\"https:\/\/defi11.fr\/wp-content\/uploads\/2025\/01\/1.png\" class=\"attachment-large size-large wp-image-2353\" alt=\"\" srcset=\"https:\/\/defi11.fr\/wp-content\/uploads\/2025\/01\/1.png 1000w, https:\/\/defi11.fr\/wp-content\/uploads\/2025\/01\/1-300x300.png 300w, https:\/\/defi11.fr\/wp-content\/uploads\/2025\/01\/1-150x150.png 150w, https:\/\/defi11.fr\/wp-content\/uploads\/2025\/01\/1-768x768.png 768w, https:\/\/defi11.fr\/wp-content\/uploads\/2025\/01\/1-650x650.png 650w\" sizes=\"(max-width: 1000px) 100vw, 1000px\" \/>\t\t\t\t\t\t\t\t\t\t\t\t\t\t\t<\/div>\n\t\t\t\t<\/div>\n\t\t\t\t\t<\/div>\n\t\t<\/div>\n\t\t\t\t\t<\/div>\n\t\t<\/section>\n\t\t\t\t<section class=\"elementor-section elementor-top-section elementor-element elementor-element-852369e elementor-section-boxed elementor-section-height-default elementor-section-height-default\" data-id=\"852369e\" data-element_type=\"section\" data-e-type=\"section\">\n\t\t\t\t\t\t<div class=\"elementor-container elementor-column-gap-default\">\n\t\t\t\t\t<div class=\"elementor-column elementor-col-50 elementor-top-column elementor-element elementor-element-bdd7d5b\" data-id=\"bdd7d5b\" data-element_type=\"column\" data-e-type=\"column\">\n\t\t\t<div class=\"elementor-widget-wrap elementor-element-populated\">\n\t\t\t\t\t\t<div class=\"elementor-element elementor-element-1d209ef elementor-widget elementor-widget-image\" data-id=\"1d209ef\" data-element_type=\"widget\" data-e-type=\"widget\" data-widget_type=\"image.default\">\n\t\t\t\t<div class=\"elementor-widget-container\">\n\t\t\t\t\t\t\t\t\t\t\t\t\t\t\t<img decoding=\"async\" width=\"1000\" height=\"1000\" src=\"https:\/\/defi11.fr\/wp-content\/uploads\/2025\/01\/3.png\" class=\"attachment-large size-large wp-image-2352\" alt=\"\" srcset=\"https:\/\/defi11.fr\/wp-content\/uploads\/2025\/01\/3.png 1000w, https:\/\/defi11.fr\/wp-content\/uploads\/2025\/01\/3-300x300.png 300w, https:\/\/defi11.fr\/wp-content\/uploads\/2025\/01\/3-150x150.png 150w, https:\/\/defi11.fr\/wp-content\/uploads\/2025\/01\/3-768x768.png 768w, https:\/\/defi11.fr\/wp-content\/uploads\/2025\/01\/3-650x650.png 650w\" sizes=\"(max-width: 1000px) 100vw, 1000px\" \/>\t\t\t\t\t\t\t\t\t\t\t\t\t\t\t<\/div>\n\t\t\t\t<\/div>\n\t\t\t\t\t<\/div>\n\t\t<\/div>\n\t\t\t\t<div class=\"elementor-column elementor-col-50 elementor-top-column elementor-element elementor-element-3f3733f\" data-id=\"3f3733f\" data-element_type=\"column\" data-e-type=\"column\">\n\t\t\t<div class=\"elementor-widget-wrap elementor-element-populated\">\n\t\t\t\t\t\t<div class=\"elementor-element elementor-element-9f0384d ui-e-a-animate elementor-widget elementor-widget-highlighted-text\" data-id=\"9f0384d\" data-element_type=\"widget\" data-e-type=\"widget\" data-widget_type=\"highlighted-text.default\">\n\t\t\t\t<div class=\"elementor-widget-container\">\n\t\t\t\t\t\t\t<h2 class=\"ui-e--highlighted-text\" >\n        <span class=\"whitespace\"> <\/span><span class=\"ui-e-headline-text ui-e-headline-stroke1\">\n\t\t\t\t\t\t\t<span class=\"ui-e-headline-text ui-e-headline-highlighted\">Handicap<\/span><span class=\"uicore-svg-wrapper\"><svg xmlns=\"http:\/\/www.w3.org\/2000\/svg\" viewBox=\"0 0 500 150\" preserveAspectRatio=\"none\"><path d='M15.2,133.3L15.2,133.3c121.9-7.6,244-9.9,366.1-6.8c34.6,0.9,69.1,2.3,103.7,4'\/><\/svg><\/span><\/span><span class=\"whitespace\"> <\/span>        <\/h2>\n        \t\t\t\t<\/div>\n\t\t\t\t<\/div>\n\t\t\t\t<div class=\"elementor-element elementor-element-f309dbd elementor-widget__width-initial elementor-widget elementor-widget-text-editor\" data-id=\"f309dbd\" data-element_type=\"widget\" data-e-type=\"widget\" data-widget_type=\"text-editor.default\">\n\t\t\t\t<div class=\"elementor-widget-container\">\n\t\t\t\t\t\t\t\t\t<p style=\"font-size: 16px; color: #000000;\">La <strong>sensibilisation au handicap<\/strong> en milieu professionnel est un levier important pour favoriser <strong>l\u2019inclusion et l\u2019\u00e9galit\u00e9<\/strong> des chances.<\/p><p style=\"font-size: 16px; color: #000000;\">Elle permet de <strong>d\u00e9construire les pr\u00e9jug\u00e9s<\/strong>, de mieux comprendre les besoins des collaborateurs en situation de handicap et d\u2019encourager des pratiques adapt\u00e9es.<\/p><p style=\"font-size: 16px; color: #000000;\">En valorisant la diversit\u00e9 et en garantissant l\u2019accessibilit\u00e9, les entreprises cr\u00e9ent un <strong>environnement plus humain, collaboratif et productif<\/strong>, o\u00f9 chacun peut exprimer pleinement ses comp\u00e9tences.<\/p>\t\t\t\t\t\t\t\t<\/div>\n\t\t\t\t<\/div>\n\t\t\t\t\t<\/div>\n\t\t<\/div>\n\t\t\t\t\t<\/div>\n\t\t<\/section>\n\t\t\t\t<section class=\"elementor-section elementor-top-section elementor-element elementor-element-3e46692 elementor-section-boxed elementor-section-height-default elementor-section-height-default\" data-id=\"3e46692\" data-element_type=\"section\" data-e-type=\"section\">\n\t\t\t\t\t\t<div class=\"elementor-container elementor-column-gap-default\">\n\t\t\t\t\t<div class=\"elementor-column elementor-col-50 elementor-top-column elementor-element elementor-element-5e81a3b\" data-id=\"5e81a3b\" data-element_type=\"column\" data-e-type=\"column\">\n\t\t\t<div class=\"elementor-widget-wrap\">\n\t\t\t\t\t\t\t<\/div>\n\t\t<\/div>\n\t\t\t\t<div class=\"elementor-column elementor-col-50 elementor-top-column elementor-element elementor-element-67b9c63\" data-id=\"67b9c63\" data-element_type=\"column\" data-e-type=\"column\">\n\t\t\t<div class=\"elementor-widget-wrap elementor-element-populated\">\n\t\t\t\t\t\t<div class=\"elementor-element elementor-element-643b1aa elementor-widget__width-initial elementor-absolute elementor-widget-tablet__width-initial elementor-widget elementor-widget-spacer\" data-id=\"643b1aa\" data-element_type=\"widget\" data-e-type=\"widget\" data-settings=\"{&quot;_position&quot;:&quot;absolute&quot;}\" data-widget_type=\"spacer.default\">\n\t\t\t\t<div class=\"elementor-widget-container\">\n\t\t\t\t\t\t\t<div class=\"elementor-spacer\">\n\t\t\t<div class=\"elementor-spacer-inner\"><\/div>\n\t\t<\/div>\n\t\t\t\t\t\t<\/div>\n\t\t\t\t<\/div>\n\t\t\t\t<div class=\"elementor-element elementor-element-d8b6039 elementor-widget-mobile__width-initial bdt-reveal-preload bdt-reveal-effects-yes elementor-widget__width-initial elementor-widget elementor-widget-bdt-advanced-counter\" data-id=\"d8b6039\" data-element_type=\"widget\" data-e-type=\"widget\" data-settings=\"{&quot;element_pack_reveal_effects_enable&quot;:&quot;yes&quot;,&quot;element_pack_reveal_effects_direction&quot;:&quot;lr&quot;,&quot;element_pack_reveal_effects_easing&quot;:&quot;easeOutQuint&quot;,&quot;element_pack_reveal_effects_speed&quot;:{&quot;unit&quot;:&quot;px&quot;,&quot;size&quot;:5,&quot;sizes&quot;:[]}}\" style=\"--ep-reveal-effects-init: 0;\" data-widget_type=\"bdt-advanced-counter.default\">\n\t\t\t\t<div class=\"elementor-widget-container\">\n\t\t\t\t\t            <div class=\"bdt-ep-advanced-counter\" data-settings=\"{&quot;id&quot;:&quot;bdt-ep-advanced-counter-data-d8b6039&quot;,&quot;countStart&quot;:1,&quot;countNumber&quot;:99,&quot;language&quot;:[&quot;0&quot;,&quot;1&quot;,&quot;2&quot;,&quot;3&quot;,&quot;4&quot;,&quot;5&quot;,&quot;6&quot;,&quot;7&quot;,&quot;8&quot;,&quot;9&quot;],&quot;duration&quot;:4,&quot;useEasing&quot;:&quot;yes&quot;,&quot;useGrouping&quot;:&quot;no&quot;,&quot;decimalSymbol&quot;:&quot;.&quot;,&quot;counterSuffix&quot;:&quot; %&quot;}\" >\n\t\t\t\t\t\t\t\t\t\t\t\t\t\t\t\n\t\t\t\t\t\t\t                <div class=\"bdt-ep-advanced-counter-content\">\n\t\t\t\t\t\t\t\t\t\t\t\t\t\t\n\t\t\t                <div class=\"bdt-ep-advanced-counter-number\">\n                <span class=\"bdt-count-this\"\n                      id=\"bdt-ep-advanced-counter-data-d8b6039\" >\n\t\t\t\t\t99\t\t\t\t<\/span>\n                <\/div>\n\t\t\t\t\t\t\t\t\t\t\t\t\t\t\t\t\t\t\t\t\t            <\/div>\n            <\/div>\n\t\t\t\n\t\t\t\t\t\t\n\t\t\t\t\t\t\t<\/div>\n\t\t\t\t<\/div>\n\t\t\t\t<div class=\"elementor-element elementor-element-43153ce elementor-widget-mobile__width-initial elementor-widget elementor-widget-heading\" data-id=\"43153ce\" data-element_type=\"widget\" data-e-type=\"widget\" data-widget_type=\"heading.default\">\n\t\t\t\t<div class=\"elementor-widget-container\">\n\t\t\t\t\t<h2 class=\"elementor-heading-title elementor-size-default\">% de taux de satisfaction de nos b\u00e9n\u00e9ficiaires.<\/h2>\t\t\t\t<\/div>\n\t\t\t\t<\/div>\n\t\t\t\t<div class=\"elementor-element elementor-element-a435481 elementor-widget elementor-widget-text-editor\" data-id=\"a435481\" data-element_type=\"widget\" data-e-type=\"widget\" data-widget_type=\"text-editor.default\">\n\t\t\t\t<div class=\"elementor-widget-container\">\n\t\t\t\t\t\t\t\t\t<p><em>Taux de recueil : 100% &#8211; Ann\u00e9e 2023.<\/em><\/p>\t\t\t\t\t\t\t\t<\/div>\n\t\t\t\t<\/div>\n\t\t\t\t\t<\/div>\n\t\t<\/div>\n\t\t\t\t\t<\/div>\n\t\t<\/section>\n\t\t\t\t<\/div>\n\t\t","protected":false},"excerpt":{"rendered":"<p>Le Centre Ressources Handicap 11 Un lieu qui a pour but de cr\u00e9er une synergie entre tous les acteurs du territoire en [&hellip;]<\/p>\n","protected":false},"author":3,"featured_media":651,"parent":0,"menu_order":0,"comment_status":"closed","ping_status":"closed","template":"","meta":{"footnotes":""},"class_list":["post-2236","page","type-page","status-publish","has-post-thumbnail","hentry"],"_links":{"self":[{"href":"https:\/\/defi11.fr\/index.php?rest_route=\/wp\/v2\/pages\/2236","targetHints":{"allow":["GET"]}}],"collection":[{"href":"https:\/\/defi11.fr\/index.php?rest_route=\/wp\/v2\/pages"}],"about":[{"href":"https:\/\/defi11.fr\/index.php?rest_route=\/wp\/v2\/types\/page"}],"author":[{"embeddable":true,"href":"https:\/\/defi11.fr\/index.php?rest_route=\/wp\/v2\/users\/3"}],"replies":[{"embeddable":true,"href":"https:\/\/defi11.fr\/index.php?rest_route=%2Fwp%2Fv2%2Fcomments&post=2236"}],"version-history":[{"count":81,"href":"https:\/\/defi11.fr\/index.php?rest_route=\/wp\/v2\/pages\/2236\/revisions"}],"predecessor-version":[{"id":2935,"href":"https:\/\/defi11.fr\/index.php?rest_route=\/wp\/v2\/pages\/2236\/revisions\/2935"}],"wp:featuredmedia":[{"embeddable":true,"href":"https:\/\/defi11.fr\/index.php?rest_route=\/wp\/v2\/media\/651"}],"wp:attachment":[{"href":"https:\/\/defi11.fr\/index.php?rest_route=%2Fwp%2Fv2%2Fmedia&parent=2236"}],"curies":[{"name":"wp","href":"https:\/\/api.w.org\/{rel}","templated":true}]}}