{"id":927,"date":"2023-06-19T17:00:32","date_gmt":"2023-06-19T17:00:32","guid":{"rendered":"https:\/\/defi11majs.preprod-silgo.com\/?page_id=927"},"modified":"2023-06-19T17:00:32","modified_gmt":"2023-06-19T17:00:32","slug":"mentions-legales","status":"publish","type":"page","link":"https:\/\/defi11.fr\/?page_id=927","title":{"rendered":"Mentions l\u00e9gales"},"content":{"rendered":"\t\t<div data-elementor-type=\"wp-page\" data-elementor-id=\"927\" class=\"elementor elementor-927\">\n\t\t\t\t\t\t<section class=\"elementor-section elementor-top-section elementor-element elementor-element-9b0c24e elementor-section-boxed elementor-section-height-default elementor-section-height-default\" data-id=\"9b0c24e\" data-element_type=\"section\" data-e-type=\"section\">\n\t\t\t\t\t\t<div class=\"elementor-container elementor-column-gap-default\">\n\t\t\t\t\t<div class=\"elementor-column elementor-col-100 elementor-top-column elementor-element elementor-element-3bf9dd3\" data-id=\"3bf9dd3\" data-element_type=\"column\" data-e-type=\"column\">\n\t\t\t<div class=\"elementor-widget-wrap elementor-element-populated\">\n\t\t\t\t\t\t<div class=\"elementor-element elementor-element-c19cfa3 elementor-widget elementor-widget-text-editor\" data-id=\"c19cfa3\" data-element_type=\"widget\" data-e-type=\"widget\" data-widget_type=\"text-editor.default\">\n\t\t\t\t<div class=\"elementor-widget-container\">\n\t\t\t\t\t\t\t\t\t<h2>Ce site est \u00e9dit\u00e9 par : L&rsquo;association D\u00e9fi 11<\/h2>\n<p>Adresse : 230 Rue G\u00e9rard Desargues&nbsp;<span style=\"color: var(--uicore-typography--p-c,'#070707'); font-family: var(--uicore-typography--p-f,'Inter'); font-size: var(--uicore-typography--p-s,'10px'); font-style: var(--uicore-typography--p-st,'normal'); font-weight: var(--uicore-typography--p-w,'600'); letter-spacing: var(--uicore-typography--p-ls,'-0.027em'); text-transform: var(--uicore-typography--p-t,'none');\">\u2013&nbsp;<\/span><span style=\"font-size: inherit; color: var(--uicore-typography--p-c,'#070707'); font-family: var(--uicore-typography--p-f,'Inter'); font-style: var(--uicore-typography--p-st,'normal'); font-weight: var(--uicore-typography--p-w,'600'); letter-spacing: var(--uicore-typography--p-ls,'-0.027em'); text-transform: var(--uicore-typography--p-t,'none');\">11000 Carcassonne \u2013 France (m\u00e9tropolitaine)<\/span><\/p>\n<p>E-mail :&nbsp;<a style=\"font-family: var(--uicore-typography--p-f,'Inter'); font-size: var(--uicore-typography--p-s,'10px'); font-style: var(--uicore-typography--p-st,'normal'); font-weight: var(--uicore-typography--p-w,'600'); letter-spacing: var(--uicore-typography--p-ls,'-0.027em'); text-transform: var(--uicore-typography--p-t,'none'); background-color: #f8fcfc;\" href=\"mailto:accueil@defi11.fr\" target=\"_blank\" rel=\"noopener\">accueil@defi11.fr<\/a><\/p>\n<p>N\u00b0 SIRET : 39968485100070<\/p>\n<p>&nbsp;Directrice de publication : Pascale Garcia<\/p>\n<h3>Conception du site : Silgoweb \u2013&nbsp;<a href=\"http:\/\/www.silgoweb.fr\/\" target=\"_blank\" rel=\"noopener\">www.silgoweb.fr<\/a><\/h3>\n<p>Silgoweb<br>2, rue d\u2019Austerlitz<br>31000 Toulouse<\/p>\n<p>E-mail :&nbsp;<a href=\"mailto:contact@silgoweb.fr\">contact@silgoweb.fr<\/a><br>T\u00e9l : 01.79.75.70.11&nbsp;<\/p>\n<h3>H\u00e9bergeur : o2switch \u2013 www.o2switch.fr<\/h3>\n<p>Adresse : 222 Boulevard Gustave Flaubert, 63000 Clermont-Ferrand \u2013 France<\/p>\n<p>Op\u00e9rateur T\u00e9l\u00e9com d\u00e9clar\u00e9 ARCEP<br>09\/2989 \u2013 AS50474<\/p>\n<blockquote>\n<p>Ce site respecte le droit d\u2019auteur. Tous les droits des auteurs des \u0153uvres prot\u00e9g\u00e9es reproduites et communiqu\u00e9es sur ce site, sont r\u00e9serv\u00e9s. Sauf autorisation, toute utilisation des \u0153uvres autres que la reproduction et la consultation individuelles et priv\u00e9es sont interdites.<\/p><\/blockquote>\n<h2><strong>Photos<\/strong><\/h2>\n<p>Association D\u00e9fi 11 \u2013&nbsp;Reproduction interdite<br><span style=\"font-size: inherit; color: var(--uicore-typography--p-c,'#070707'); font-family: var(--uicore-typography--p-f,'Inter'); font-style: var(--uicore-typography--p-st,'normal'); font-weight: var(--uicore-typography--p-w,'600'); letter-spacing: var(--uicore-typography--p-ls,'-0.027em'); text-transform: var(--uicore-typography--p-t,'none');\">Freepik \u2013 Photos libres de droit<br><\/span><span style=\"font-size: inherit; color: var(--uicore-typography--p-c,'#070707'); font-family: var(--uicore-typography--p-f,'Inter'); font-style: var(--uicore-typography--p-st,'normal'); font-weight: var(--uicore-typography--p-w,'600'); letter-spacing: var(--uicore-typography--p-ls,'-0.027em'); text-transform: var(--uicore-typography--p-t,'none');\">Unsplash \u2013 Photos libres de droit<\/span><\/p>\t\t\t\t\t\t\t\t<\/div>\n\t\t\t\t<\/div>\n\t\t\t\t\t<\/div>\n\t\t<\/div>\n\t\t\t\t\t<\/div>\n\t\t<\/section>\n\t\t\t\t<\/div>\n\t\t","protected":false},"excerpt":{"rendered":"<p>Ce site est \u00e9dit\u00e9 par : L&rsquo;association D\u00e9fi 11 Adresse : 230 Rue G\u00e9rard Desargues&nbsp;\u2013&nbsp;11000 Carcassonne \u2013 France (m\u00e9tropolitaine) E-mail :&nbsp;accueil@defi11.fr N\u00b0 [&hellip;]<\/p>\n","protected":false},"author":1,"featured_media":0,"parent":0,"menu_order":0,"comment_status":"closed","ping_status":"closed","template":"","meta":{"footnotes":""},"class_list":["post-927","page","type-page","status-publish","hentry"],"_links":{"self":[{"href":"https:\/\/defi11.fr\/index.php?rest_route=\/wp\/v2\/pages\/927","targetHints":{"allow":["GET"]}}],"collection":[{"href":"https:\/\/defi11.fr\/index.php?rest_route=\/wp\/v2\/pages"}],"about":[{"href":"https:\/\/defi11.fr\/index.php?rest_route=\/wp\/v2\/types\/page"}],"author":[{"embeddable":true,"href":"https:\/\/defi11.fr\/index.php?rest_route=\/wp\/v2\/users\/1"}],"replies":[{"embeddable":true,"href":"https:\/\/defi11.fr\/index.php?rest_route=%2Fwp%2Fv2%2Fcomments&post=927"}],"version-history":[{"count":8,"href":"https:\/\/defi11.fr\/index.php?rest_route=\/wp\/v2\/pages\/927\/revisions"}],"predecessor-version":[{"id":1069,"href":"https:\/\/defi11.fr\/index.php?rest_route=\/wp\/v2\/pages\/927\/revisions\/1069"}],"wp:attachment":[{"href":"https:\/\/defi11.fr\/index.php?rest_route=%2Fwp%2Fv2%2Fmedia&parent=927"}],"curies":[{"name":"wp","href":"https:\/\/api.w.org\/{rel}","templated":true}]}}